{"id":1258,"date":"2023-08-29T14:20:46","date_gmt":"2023-08-29T14:20:46","guid":{"rendered":"http:\/\/rimagro.com.ar\/web\/?page_id=1258"},"modified":"2023-08-29T14:32:20","modified_gmt":"2023-08-29T14:32:20","slug":"surtidor-mf6100","status":"publish","type":"page","link":"http:\/\/rimagro.com.ar\/web\/surtidor-mf6100\/","title":{"rendered":"SURTIDOR MF6100"},"content":{"rendered":"\t\t<div data-elementor-type=\"wp-page\" data-elementor-id=\"1258\" class=\"elementor elementor-1258\">\n\t\t\t\t\t\t<section class=\"elementor-section elementor-top-section elementor-element elementor-element-472147e0 elementor-section-boxed elementor-section-height-default elementor-section-height-default\" data-id=\"472147e0\" data-element_type=\"section\" data-e-type=\"section\">\n\t\t\t\t\t\t<div class=\"elementor-container elementor-column-gap-default\">\n\t\t\t\t\t<div class=\"elementor-column elementor-col-66 elementor-top-column elementor-element elementor-element-7b6fe5a\" data-id=\"7b6fe5a\" data-element_type=\"column\" data-e-type=\"column\">\n\t\t\t<div class=\"elementor-widget-wrap elementor-element-populated\">\n\t\t\t\t\t\t<div class=\"elementor-element elementor-element-34f94b8d elementor-widget elementor-widget-spacer\" data-id=\"34f94b8d\" data-element_type=\"widget\" data-e-type=\"widget\" data-widget_type=\"spacer.default\">\n\t\t\t\t<div class=\"elementor-widget-container\">\n\t\t\t\t\t\t\t<div class=\"elementor-spacer\">\n\t\t\t<div class=\"elementor-spacer-inner\"><\/div>\n\t\t<\/div>\n\t\t\t\t\t\t<\/div>\n\t\t\t\t<\/div>\n\t\t\t\t<div class=\"elementor-element elementor-element-35ac01b6 elementor-invisible elementor-widget elementor-widget-heading\" data-id=\"35ac01b6\" data-element_type=\"widget\" data-e-type=\"widget\" data-settings=\"{&quot;_animation&quot;:&quot;fadeInLeft&quot;}\" data-widget_type=\"heading.default\">\n\t\t\t\t<div class=\"elementor-widget-container\">\n\t\t\t\t\t<h2 class=\"elementor-heading-title elementor-size-default\">MF6100<\/h2>\t\t\t\t<\/div>\n\t\t\t\t<\/div>\n\t\t\t\t<div class=\"elementor-element elementor-element-a1451cc elementor-widget elementor-widget-text-editor\" data-id=\"a1451cc\" data-element_type=\"widget\" data-e-type=\"widget\" data-widget_type=\"text-editor.default\">\n\t\t\t\t<div class=\"elementor-widget-container\">\n\t\t\t\t\t\t\t\t\t<div class=\"xdj266r x11i5rnm xat24cr x1mh8g0r x1vvkbs x126k92a\"><div dir=\"auto\"><b>SURTIDOR DE ALTO CAUDAL, VIS<\/b><b>UALIZA ONLINE Y EN TIEMPO REAL LAS DESCARGAS DE TU SURTIDOR !<\/b><\/div><\/div>\t\t\t\t\t\t\t\t<\/div>\n\t\t\t\t<\/div>\n\t\t\t\t<div class=\"elementor-element elementor-element-6be84f65 elementor-widget elementor-widget-text-editor\" data-id=\"6be84f65\" data-element_type=\"widget\" data-e-type=\"widget\" data-widget_type=\"text-editor.default\">\n\t\t\t\t<div class=\"elementor-widget-container\">\n\t\t\t\t\t\t\t\t\t<div dir=\"auto\">C<i>aracter\u00edsticas:<\/i><\/div>\n<div dir=\"auto\">-Sincronizaci\u00f3n autom\u00e1tica con servidor en la nube y memoria.<\/div>\n<div dir=\"auto\">-Acceso web para administraci\u00f3n, configuraci\u00f3n y reportes.<\/div>\n<div dir=\"auto\">-Cuenta de acceso y licencia incluida.<\/div>\n<div dir=\"auto\">-No requiere cableados, instalaci\u00f3n de software, ni computadora conectada.<\/div>\n<div dir=\"auto\">-Controlador de flotas integrado, habilita s\u00f3lo a veh\u00edculos y usuarios mediante un usuario y contrase\u00f1a.<\/div>\n<div dir=\"auto\">-Informaci\u00f3n de od\u00f3metro u hora de motor.<\/div>\n<div dir=\"auto\">-Pantalla t\u00e1ctil color 7\u00b4\u00b4<br \/>-Alimentaci\u00f3n 220 volts.<br \/>-5mts de manguera con pico autom\u00e1tica de 1\u00b4\u00b4<\/div>\t\t\t\t\t\t\t\t<\/div>\n\t\t\t\t<\/div>\n\t\t\t\t\t<\/div>\n\t\t<\/div>\n\t\t\t\t<div class=\"elementor-column elementor-col-33 elementor-top-column elementor-element elementor-element-75cdcf70\" data-id=\"75cdcf70\" data-element_type=\"column\" data-e-type=\"column\">\n\t\t\t<div class=\"elementor-widget-wrap elementor-element-populated\">\n\t\t\t\t\t\t<div class=\"elementor-element elementor-element-5d7bfa41 elementor-widget elementor-widget-image\" data-id=\"5d7bfa41\" data-element_type=\"widget\" data-e-type=\"widget\" data-widget_type=\"image.default\">\n\t\t\t\t<div class=\"elementor-widget-container\">\n\t\t\t\t\t\t\t\t\t\t\t\t\t\t\t<img decoding=\"async\" src=\"http:\/\/rimagro.com.ar\/web\/wp-content\/uploads\/2023\/08\/RIMAGRO-1.png\" title=\"RIMAGRO 1\" alt=\"RIMAGRO 1\" loading=\"lazy\" \/>\t\t\t\t\t\t\t\t\t\t\t\t\t\t\t<\/div>\n\t\t\t\t<\/div>\n\t\t\t\t\t<\/div>\n\t\t<\/div>\n\t\t\t\t\t<\/div>\n\t\t<\/section>\n\t\t\t\t<section class=\"elementor-section elementor-top-section elementor-element elementor-element-3fa1bab5 elementor-section-boxed elementor-section-height-default elementor-section-height-default\" data-id=\"3fa1bab5\" data-element_type=\"section\" data-e-type=\"section\">\n\t\t\t\t\t\t<div class=\"elementor-container elementor-column-gap-default\">\n\t\t\t\t\t<div class=\"elementor-column elementor-col-100 elementor-top-column elementor-element elementor-element-1e195c65\" data-id=\"1e195c65\" data-element_type=\"column\" data-e-type=\"column\">\n\t\t\t<div class=\"elementor-widget-wrap elementor-element-populated\">\n\t\t\t\t\t\t<div class=\"elementor-element elementor-element-2df8396b elementor-widget elementor-widget-spacer\" data-id=\"2df8396b\" data-element_type=\"widget\" data-e-type=\"widget\" data-widget_type=\"spacer.default\">\n\t\t\t\t<div class=\"elementor-widget-container\">\n\t\t\t\t\t\t\t<div class=\"elementor-spacer\">\n\t\t\t<div class=\"elementor-spacer-inner\"><\/div>\n\t\t<\/div>\n\t\t\t\t\t\t<\/div>\n\t\t\t\t<\/div>\n\t\t\t\t<div class=\"elementor-element elementor-element-487f3540 elementor-invisible elementor-widget elementor-widget-heading\" data-id=\"487f3540\" data-element_type=\"widget\" data-e-type=\"widget\" data-settings=\"{&quot;_animation&quot;:&quot;fadeInUp&quot;}\" data-widget_type=\"heading.default\">\n\t\t\t\t<div class=\"elementor-widget-container\">\n\t\t\t\t\t<h2 class=\"elementor-heading-title elementor-size-default\">TAMBI\u00e9N TE PUEDE INTERESAR :<\/h2>\t\t\t\t<\/div>\n\t\t\t\t<\/div>\n\t\t\t\t<div class=\"elementor-element elementor-element-3927b5e7 elementor-widget elementor-widget-spacer\" data-id=\"3927b5e7\" data-element_type=\"widget\" data-e-type=\"widget\" data-widget_type=\"spacer.default\">\n\t\t\t\t<div class=\"elementor-widget-container\">\n\t\t\t\t\t\t\t<div class=\"elementor-spacer\">\n\t\t\t<div class=\"elementor-spacer-inner\"><\/div>\n\t\t<\/div>\n\t\t\t\t\t\t<\/div>\n\t\t\t\t<\/div>\n\t\t\t\t\t<\/div>\n\t\t<\/div>\n\t\t\t\t\t<\/div>\n\t\t<\/section>\n\t\t\t\t<section class=\"elementor-section elementor-top-section elementor-element elementor-element-5e9ea59f elementor-section-boxed elementor-section-height-default elementor-section-height-default\" data-id=\"5e9ea59f\" data-element_type=\"section\" data-e-type=\"section\">\n\t\t\t\t\t\t<div class=\"elementor-container elementor-column-gap-default\">\n\t\t\t\t\t<div class=\"elementor-column elementor-col-100 elementor-top-column elementor-element elementor-element-414a11c\" data-id=\"414a11c\" data-element_type=\"column\" data-e-type=\"column\">\n\t\t\t<div class=\"elementor-widget-wrap elementor-element-populated\">\n\t\t\t\t\t\t<div class=\"elementor-element elementor-element-4db0bc62 elementor-widget__width-initial elementor-widget elementor-widget-image\" data-id=\"4db0bc62\" data-element_type=\"widget\" data-e-type=\"widget\" data-widget_type=\"image.default\">\n\t\t\t\t<div class=\"elementor-widget-container\">\n\t\t\t\t\t\t\t\t\t\t\t\t\t\t\t\t<a href=\"http:\/\/rimagro.com.ar\/web\/surtidor-mf4100\/\">\n\t\t\t\t\t\t\t<img fetchpriority=\"high\" decoding=\"async\" width=\"1024\" height=\"1024\" src=\"http:\/\/rimagro.com.ar\/web\/wp-content\/uploads\/2023\/08\/277584706_922814761745118_1296094497410829519_n-1024x1024.jpg\" class=\"attachment-large size-large wp-image-1035\" alt=\"\" srcset=\"http:\/\/rimagro.com.ar\/web\/wp-content\/uploads\/2023\/08\/277584706_922814761745118_1296094497410829519_n-1024x1024.jpg 1024w, http:\/\/rimagro.com.ar\/web\/wp-content\/uploads\/2023\/08\/277584706_922814761745118_1296094497410829519_n-300x300.jpg 300w, http:\/\/rimagro.com.ar\/web\/wp-content\/uploads\/2023\/08\/277584706_922814761745118_1296094497410829519_n-150x150.jpg 150w, http:\/\/rimagro.com.ar\/web\/wp-content\/uploads\/2023\/08\/277584706_922814761745118_1296094497410829519_n-768x768.jpg 768w, http:\/\/rimagro.com.ar\/web\/wp-content\/uploads\/2023\/08\/277584706_922814761745118_1296094497410829519_n.jpg 1080w\" sizes=\"(max-width: 1024px) 100vw, 1024px\" \/>\t\t\t\t\t\t\t\t<\/a>\n\t\t\t\t\t\t\t\t\t\t\t\t\t\t\t<\/div>\n\t\t\t\t<\/div>\n\t\t\t\t<div class=\"elementor-element elementor-element-434e4dd4 elementor-widget__width-initial elementor-widget-mobile__width-initial elementor-widget elementor-widget-image\" data-id=\"434e4dd4\" data-element_type=\"widget\" data-e-type=\"widget\" data-widget_type=\"image.default\">\n\t\t\t\t<div class=\"elementor-widget-container\">\n\t\t\t\t\t\t\t\t\t\t\t\t\t\t\t\t<a href=\"http:\/\/rimagro.com.ar\/web\/moderniza-tu-surtidor-mf3100\/\">\n\t\t\t\t\t\t\t<img decoding=\"async\" width=\"1024\" height=\"1024\" src=\"http:\/\/rimagro.com.ar\/web\/wp-content\/uploads\/2023\/08\/123323817_638206263539304_3286750021271821806_n-1-1024x1024.png\" class=\"attachment-large size-large wp-image-1059\" alt=\"\" srcset=\"http:\/\/rimagro.com.ar\/web\/wp-content\/uploads\/2023\/08\/123323817_638206263539304_3286750021271821806_n-1-1024x1024.png 1024w, http:\/\/rimagro.com.ar\/web\/wp-content\/uploads\/2023\/08\/123323817_638206263539304_3286750021271821806_n-1-300x300.png 300w, http:\/\/rimagro.com.ar\/web\/wp-content\/uploads\/2023\/08\/123323817_638206263539304_3286750021271821806_n-1-150x150.png 150w, http:\/\/rimagro.com.ar\/web\/wp-content\/uploads\/2023\/08\/123323817_638206263539304_3286750021271821806_n-1-768x768.png 768w, http:\/\/rimagro.com.ar\/web\/wp-content\/uploads\/2023\/08\/123323817_638206263539304_3286750021271821806_n-1.png 1080w\" sizes=\"(max-width: 1024px) 100vw, 1024px\" \/>\t\t\t\t\t\t\t\t<\/a>\n\t\t\t\t\t\t\t\t\t\t\t\t\t\t\t<\/div>\n\t\t\t\t<\/div>\n\t\t\t\t\t<\/div>\n\t\t<\/div>\n\t\t\t\t\t<\/div>\n\t\t<\/section>\n\t\t\t\t<\/div>\n\t\t","protected":false},"excerpt":{"rendered":"<p>MF6100 SURTIDOR DE ALTO CAUDAL, VISUALIZA ONLINE Y EN TIEMPO REAL LAS DESCARGAS DE TU SURTIDOR !Caracter\u00edsticas: -Sincronizaci\u00f3n autom\u00e1tica con servidor en la nube y memoria. -Acceso web para administraci\u00f3n, configuraci\u00f3n y reportes. -Cuenta de acceso y licencia incluida. -No requiere cableados, instalaci\u00f3n de software, ni computadora conectada. -Controlador de flotas integrado, habilita s\u00f3lo a [&hellip;]<\/p>\n","protected":false},"author":6,"featured_media":0,"parent":0,"menu_order":0,"comment_status":"closed","ping_status":"closed","template":"","meta":{"_joinchat":[],"footnotes":""},"class_list":["post-1258","page","type-page","status-publish","hentry"],"yoast_head":"<!-- This site is optimized with the Yoast SEO plugin v27.4 - https:\/\/yoast.com\/product\/yoast-seo-wordpress\/ -->\n<title>SURTIDOR MF6100 -<\/title>\n<meta name=\"robots\" content=\"index, follow, max-snippet:-1, max-image-preview:large, max-video-preview:-1\" \/>\n<link rel=\"canonical\" href=\"http:\/\/rimagro.com.ar\/web\/surtidor-mf6100\/\" \/>\n<meta property=\"og:locale\" content=\"es_ES\" \/>\n<meta property=\"og:type\" content=\"article\" \/>\n<meta property=\"og:title\" content=\"SURTIDOR MF6100 -\" \/>\n<meta property=\"og:description\" content=\"MF6100 SURTIDOR DE ALTO CAUDAL, VISUALIZA ONLINE Y EN TIEMPO REAL LAS DESCARGAS DE TU SURTIDOR !Caracter\u00edsticas: -Sincronizaci\u00f3n autom\u00e1tica con servidor en la nube y memoria. -Acceso web para administraci\u00f3n, configuraci\u00f3n y reportes. -Cuenta de acceso y licencia incluida. -No requiere cableados, instalaci\u00f3n de software, ni computadora conectada. -Controlador de flotas integrado, habilita s\u00f3lo a [&hellip;]\" \/>\n<meta property=\"og:url\" content=\"http:\/\/rimagro.com.ar\/web\/surtidor-mf6100\/\" \/>\n<meta property=\"article:modified_time\" content=\"2023-08-29T14:32:20+00:00\" \/>\n<meta property=\"og:image\" content=\"http:\/\/rimagro.com.ar\/web\/wp-content\/uploads\/2023\/08\/RIMAGRO-1.png\" \/>\n<meta name=\"twitter:card\" content=\"summary_large_image\" \/>\n<meta name=\"twitter:label1\" content=\"Tiempo de lectura\" \/>\n\t<meta name=\"twitter:data1\" content=\"1 minuto\" \/>\n<script type=\"application\/ld+json\" class=\"yoast-schema-graph\">{\"@context\":\"https:\\\/\\\/schema.org\",\"@graph\":[{\"@type\":\"WebPage\",\"@id\":\"http:\\\/\\\/rimagro.com.ar\\\/web\\\/surtidor-mf6100\\\/\",\"url\":\"http:\\\/\\\/rimagro.com.ar\\\/web\\\/surtidor-mf6100\\\/\",\"name\":\"SURTIDOR MF6100 -\",\"isPartOf\":{\"@id\":\"http:\\\/\\\/rimagro.com.ar\\\/web\\\/#website\"},\"primaryImageOfPage\":{\"@id\":\"http:\\\/\\\/rimagro.com.ar\\\/web\\\/surtidor-mf6100\\\/#primaryimage\"},\"image\":{\"@id\":\"http:\\\/\\\/rimagro.com.ar\\\/web\\\/surtidor-mf6100\\\/#primaryimage\"},\"thumbnailUrl\":\"http:\\\/\\\/rimagro.com.ar\\\/web\\\/wp-content\\\/uploads\\\/2023\\\/08\\\/RIMAGRO-1.png\",\"datePublished\":\"2023-08-29T14:20:46+00:00\",\"dateModified\":\"2023-08-29T14:32:20+00:00\",\"breadcrumb\":{\"@id\":\"http:\\\/\\\/rimagro.com.ar\\\/web\\\/surtidor-mf6100\\\/#breadcrumb\"},\"inLanguage\":\"es\",\"potentialAction\":[{\"@type\":\"ReadAction\",\"target\":[\"http:\\\/\\\/rimagro.com.ar\\\/web\\\/surtidor-mf6100\\\/\"]}]},{\"@type\":\"ImageObject\",\"inLanguage\":\"es\",\"@id\":\"http:\\\/\\\/rimagro.com.ar\\\/web\\\/surtidor-mf6100\\\/#primaryimage\",\"url\":\"http:\\\/\\\/rimagro.com.ar\\\/web\\\/wp-content\\\/uploads\\\/2023\\\/08\\\/RIMAGRO-1.png\",\"contentUrl\":\"http:\\\/\\\/rimagro.com.ar\\\/web\\\/wp-content\\\/uploads\\\/2023\\\/08\\\/RIMAGRO-1.png\",\"width\":3884,\"height\":3883},{\"@type\":\"BreadcrumbList\",\"@id\":\"http:\\\/\\\/rimagro.com.ar\\\/web\\\/surtidor-mf6100\\\/#breadcrumb\",\"itemListElement\":[{\"@type\":\"ListItem\",\"position\":1,\"name\":\"Portada\",\"item\":\"http:\\\/\\\/rimagro.com.ar\\\/web\\\/\"},{\"@type\":\"ListItem\",\"position\":2,\"name\":\"SURTIDOR MF6100\"}]},{\"@type\":\"WebSite\",\"@id\":\"http:\\\/\\\/rimagro.com.ar\\\/web\\\/#website\",\"url\":\"http:\\\/\\\/rimagro.com.ar\\\/web\\\/\",\"name\":\"\",\"description\":\"\",\"potentialAction\":[{\"@type\":\"SearchAction\",\"target\":{\"@type\":\"EntryPoint\",\"urlTemplate\":\"http:\\\/\\\/rimagro.com.ar\\\/web\\\/?s={search_term_string}\"},\"query-input\":{\"@type\":\"PropertyValueSpecification\",\"valueRequired\":true,\"valueName\":\"search_term_string\"}}],\"inLanguage\":\"es\"}]}<\/script>\n<!-- \/ Yoast SEO plugin. -->","yoast_head_json":{"title":"SURTIDOR MF6100 -","robots":{"index":"index","follow":"follow","max-snippet":"max-snippet:-1","max-image-preview":"max-image-preview:large","max-video-preview":"max-video-preview:-1"},"canonical":"http:\/\/rimagro.com.ar\/web\/surtidor-mf6100\/","og_locale":"es_ES","og_type":"article","og_title":"SURTIDOR MF6100 -","og_description":"MF6100 SURTIDOR DE ALTO CAUDAL, VISUALIZA ONLINE Y EN TIEMPO REAL LAS DESCARGAS DE TU SURTIDOR !Caracter\u00edsticas: -Sincronizaci\u00f3n autom\u00e1tica con servidor en la nube y memoria. -Acceso web para administraci\u00f3n, configuraci\u00f3n y reportes. -Cuenta de acceso y licencia incluida. -No requiere cableados, instalaci\u00f3n de software, ni computadora conectada. -Controlador de flotas integrado, habilita s\u00f3lo a [&hellip;]","og_url":"http:\/\/rimagro.com.ar\/web\/surtidor-mf6100\/","article_modified_time":"2023-08-29T14:32:20+00:00","og_image":[{"url":"http:\/\/rimagro.com.ar\/web\/wp-content\/uploads\/2023\/08\/RIMAGRO-1.png","type":"","width":"","height":""}],"twitter_card":"summary_large_image","twitter_misc":{"Tiempo de lectura":"1 minuto"},"schema":{"@context":"https:\/\/schema.org","@graph":[{"@type":"WebPage","@id":"http:\/\/rimagro.com.ar\/web\/surtidor-mf6100\/","url":"http:\/\/rimagro.com.ar\/web\/surtidor-mf6100\/","name":"SURTIDOR MF6100 -","isPartOf":{"@id":"http:\/\/rimagro.com.ar\/web\/#website"},"primaryImageOfPage":{"@id":"http:\/\/rimagro.com.ar\/web\/surtidor-mf6100\/#primaryimage"},"image":{"@id":"http:\/\/rimagro.com.ar\/web\/surtidor-mf6100\/#primaryimage"},"thumbnailUrl":"http:\/\/rimagro.com.ar\/web\/wp-content\/uploads\/2023\/08\/RIMAGRO-1.png","datePublished":"2023-08-29T14:20:46+00:00","dateModified":"2023-08-29T14:32:20+00:00","breadcrumb":{"@id":"http:\/\/rimagro.com.ar\/web\/surtidor-mf6100\/#breadcrumb"},"inLanguage":"es","potentialAction":[{"@type":"ReadAction","target":["http:\/\/rimagro.com.ar\/web\/surtidor-mf6100\/"]}]},{"@type":"ImageObject","inLanguage":"es","@id":"http:\/\/rimagro.com.ar\/web\/surtidor-mf6100\/#primaryimage","url":"http:\/\/rimagro.com.ar\/web\/wp-content\/uploads\/2023\/08\/RIMAGRO-1.png","contentUrl":"http:\/\/rimagro.com.ar\/web\/wp-content\/uploads\/2023\/08\/RIMAGRO-1.png","width":3884,"height":3883},{"@type":"BreadcrumbList","@id":"http:\/\/rimagro.com.ar\/web\/surtidor-mf6100\/#breadcrumb","itemListElement":[{"@type":"ListItem","position":1,"name":"Portada","item":"http:\/\/rimagro.com.ar\/web\/"},{"@type":"ListItem","position":2,"name":"SURTIDOR MF6100"}]},{"@type":"WebSite","@id":"http:\/\/rimagro.com.ar\/web\/#website","url":"http:\/\/rimagro.com.ar\/web\/","name":"","description":"","potentialAction":[{"@type":"SearchAction","target":{"@type":"EntryPoint","urlTemplate":"http:\/\/rimagro.com.ar\/web\/?s={search_term_string}"},"query-input":{"@type":"PropertyValueSpecification","valueRequired":true,"valueName":"search_term_string"}}],"inLanguage":"es"}]}},"_links":{"self":[{"href":"http:\/\/rimagro.com.ar\/web\/wp-json\/wp\/v2\/pages\/1258","targetHints":{"allow":["GET"]}}],"collection":[{"href":"http:\/\/rimagro.com.ar\/web\/wp-json\/wp\/v2\/pages"}],"about":[{"href":"http:\/\/rimagro.com.ar\/web\/wp-json\/wp\/v2\/types\/page"}],"author":[{"embeddable":true,"href":"http:\/\/rimagro.com.ar\/web\/wp-json\/wp\/v2\/users\/6"}],"replies":[{"embeddable":true,"href":"http:\/\/rimagro.com.ar\/web\/wp-json\/wp\/v2\/comments?post=1258"}],"version-history":[{"count":6,"href":"http:\/\/rimagro.com.ar\/web\/wp-json\/wp\/v2\/pages\/1258\/revisions"}],"predecessor-version":[{"id":1274,"href":"http:\/\/rimagro.com.ar\/web\/wp-json\/wp\/v2\/pages\/1258\/revisions\/1274"}],"wp:attachment":[{"href":"http:\/\/rimagro.com.ar\/web\/wp-json\/wp\/v2\/media?parent=1258"}],"curies":[{"name":"wp","href":"https:\/\/api.w.org\/{rel}","templated":true}]}}