{"id":1179,"date":"2023-08-15T04:56:05","date_gmt":"2023-08-15T04:56:05","guid":{"rendered":"http:\/\/rimagro.com.ar\/web\/?page_id=1179"},"modified":"2023-08-15T20:51:33","modified_gmt":"2023-08-15T20:51:33","slug":"moderniza-tu-surtidor-mf3100","status":"publish","type":"page","link":"http:\/\/rimagro.com.ar\/web\/moderniza-tu-surtidor-mf3100\/","title":{"rendered":"moderniza tu surtidor con el MF3100"},"content":{"rendered":"\t\t<div data-elementor-type=\"wp-page\" data-elementor-id=\"1179\" class=\"elementor elementor-1179\">\n\t\t\t\t\t\t<section class=\"elementor-section elementor-top-section elementor-element elementor-element-ee8c9be elementor-section-boxed elementor-section-height-default elementor-section-height-default\" data-id=\"ee8c9be\" data-element_type=\"section\" data-e-type=\"section\">\n\t\t\t\t\t\t<div class=\"elementor-container elementor-column-gap-default\">\n\t\t\t\t\t<div class=\"elementor-column elementor-col-66 elementor-top-column elementor-element elementor-element-17afa617\" data-id=\"17afa617\" data-element_type=\"column\" data-e-type=\"column\">\n\t\t\t<div class=\"elementor-widget-wrap elementor-element-populated\">\n\t\t\t\t\t\t<div class=\"elementor-element elementor-element-16b71e28 elementor-widget elementor-widget-heading\" data-id=\"16b71e28\" data-element_type=\"widget\" data-e-type=\"widget\" data-widget_type=\"heading.default\">\n\t\t\t\t<div class=\"elementor-widget-container\">\n\t\t\t\t\t<h2 class=\"elementor-heading-title elementor-size-default\">CABEZAL ELECTRONICO <\/h2>\t\t\t\t<\/div>\n\t\t\t\t<\/div>\n\t\t\t\t<div class=\"elementor-element elementor-element-26d52ca8 elementor-invisible elementor-widget elementor-widget-heading\" data-id=\"26d52ca8\" data-element_type=\"widget\" data-e-type=\"widget\" data-settings=\"{&quot;_animation&quot;:&quot;fadeInLeft&quot;}\" data-widget_type=\"heading.default\">\n\t\t\t\t<div class=\"elementor-widget-container\">\n\t\t\t\t\t<h2 class=\"elementor-heading-title elementor-size-default\">MF3100<\/h2>\t\t\t\t<\/div>\n\t\t\t\t<\/div>\n\t\t\t\t<div class=\"elementor-element elementor-element-17d60d3e elementor-widget elementor-widget-heading\" data-id=\"17d60d3e\" data-element_type=\"widget\" data-e-type=\"widget\" data-widget_type=\"heading.default\">\n\t\t\t\t<div class=\"elementor-widget-container\">\n\t\t\t\t\t<h2 class=\"elementor-heading-title elementor-size-default\">para control de flota <\/h2>\t\t\t\t<\/div>\n\t\t\t\t<\/div>\n\t\t\t\t<div class=\"elementor-element elementor-element-6a569b53 elementor-widget elementor-widget-text-editor\" data-id=\"6a569b53\" data-element_type=\"widget\" data-e-type=\"widget\" data-widget_type=\"text-editor.default\">\n\t\t\t\t<div class=\"elementor-widget-container\">\n\t\t\t\t\t\t\t\t\t<div class=\"xdj266r x11i5rnm xat24cr x1mh8g0r x1vvkbs x126k92a\">\n<div dir=\"auto\"><b>\u00a0Ayuda a su organizaci\u00f3n a mejorar la seguridad y aumentar la eficiencia en el consumo de combustible.\u00a0<\/b><\/div>\n<\/div>\t\t\t\t\t\t\t\t<\/div>\n\t\t\t\t<\/div>\n\t\t\t\t<div class=\"elementor-element elementor-element-16b3cc60 elementor-widget elementor-widget-text-editor\" data-id=\"16b3cc60\" data-element_type=\"widget\" data-e-type=\"widget\" data-widget_type=\"text-editor.default\">\n\t\t\t\t<div class=\"elementor-widget-container\">\n\t\t\t\t\t\t\t\t\t<div dir=\"auto\">\n<div class=\"x11i5rnm xat24cr x1mh8g0r x1vvkbs xtlvy1s x126k92a\">\n<div dir=\"auto\">\u00a0Agr\u00e9gale tecnolog\u00eda a tu equipo y visualiza las descargas en tiempo real desde cualquier dispositivo con conexi\u00f3n a internet.<\/div>\n<\/div>\n<div class=\"x11i5rnm xat24cr x1mh8g0r x1vvkbs xtlvy1s x126k92a\">\n<div dir=\"auto\">\u00a0Contamos con servicio t\u00e9cnico directo de f\u00e1brica dentro y fuera del periodo de garant\u00eda.<\/div>\n<\/div>\n<\/div>\n<div dir=\"auto\">C<i>aracter\u00edsticas:<\/i><\/div>\n<div dir=\"auto\">-Sincronizaci\u00f3n autom\u00e1tica con servidor en la nube y memoria.<\/div>\n<div dir=\"auto\">-Acceso web para administraci\u00f3n, configuraci\u00f3n y reportes.<\/div>\n<div dir=\"auto\">-Cuenta de acceso y licencia incluida.<\/div>\n<div dir=\"auto\">-No requiere cableados, instalaci\u00f3n de software, ni computadora conectada.<\/div>\n<div dir=\"auto\">-Controlador de flotas integrado, habilita s\u00f3lo a veh\u00edculos y usuarios mediante un usuario y contrase\u00f1a.<\/div>\n<div dir=\"auto\">-Informaci\u00f3n de od\u00f3metro u hora de motor.<\/div>\t\t\t\t\t\t\t\t<\/div>\n\t\t\t\t<\/div>\n\t\t\t\t\t<\/div>\n\t\t<\/div>\n\t\t\t\t<div class=\"elementor-column elementor-col-33 elementor-top-column elementor-element elementor-element-1710c08a\" data-id=\"1710c08a\" data-element_type=\"column\" data-e-type=\"column\">\n\t\t\t<div class=\"elementor-widget-wrap elementor-element-populated\">\n\t\t\t\t\t\t<div class=\"elementor-element elementor-element-59f4c4ec elementor-widget-tablet__width-initial elementor-widget elementor-widget-image\" data-id=\"59f4c4ec\" data-element_type=\"widget\" data-e-type=\"widget\" data-widget_type=\"image.default\">\n\t\t\t\t<div class=\"elementor-widget-container\">\n\t\t\t\t\t\t\t\t\t\t\t\t<figure class=\"wp-caption\">\n\t\t\t\t\t\t\t\t\t\t<img fetchpriority=\"high\" decoding=\"async\" width=\"1024\" height=\"1024\" src=\"http:\/\/rimagro.com.ar\/web\/wp-content\/uploads\/2023\/08\/6618b9e1eb0c4d78b8098a15d2f8b1ba_317351167_2188392924697566_8327129927368317731_n-1024x1024.jpg\" class=\"attachment-large size-large wp-image-1240\" alt=\"\" srcset=\"http:\/\/rimagro.com.ar\/web\/wp-content\/uploads\/2023\/08\/6618b9e1eb0c4d78b8098a15d2f8b1ba_317351167_2188392924697566_8327129927368317731_n-1024x1024.jpg 1024w, http:\/\/rimagro.com.ar\/web\/wp-content\/uploads\/2023\/08\/6618b9e1eb0c4d78b8098a15d2f8b1ba_317351167_2188392924697566_8327129927368317731_n-300x300.jpg 300w, http:\/\/rimagro.com.ar\/web\/wp-content\/uploads\/2023\/08\/6618b9e1eb0c4d78b8098a15d2f8b1ba_317351167_2188392924697566_8327129927368317731_n-150x150.jpg 150w, http:\/\/rimagro.com.ar\/web\/wp-content\/uploads\/2023\/08\/6618b9e1eb0c4d78b8098a15d2f8b1ba_317351167_2188392924697566_8327129927368317731_n-768x768.jpg 768w, http:\/\/rimagro.com.ar\/web\/wp-content\/uploads\/2023\/08\/6618b9e1eb0c4d78b8098a15d2f8b1ba_317351167_2188392924697566_8327129927368317731_n.jpg 1080w\" sizes=\"(max-width: 1024px) 100vw, 1024px\" \/>\t\t\t\t\t\t\t\t\t\t\t<figcaption class=\"widget-image-caption wp-caption-text\">Si tu instalaci\u00f3n cuenta con bomba, pico y manguera con el MF 4100 pod\u00e9s controlar litro a litro el combustible de tu flota de veh\u00edculos.<\/figcaption>\n\t\t\t\t\t\t\t\t\t\t<\/figure>\n\t\t\t\t\t\t\t\t\t<\/div>\n\t\t\t\t<\/div>\n\t\t\t\t\t<\/div>\n\t\t<\/div>\n\t\t\t\t\t<\/div>\n\t\t<\/section>\n\t\t\t\t<section class=\"elementor-section elementor-top-section elementor-element elementor-element-4c4fc215 elementor-section-boxed elementor-section-height-default elementor-section-height-default\" data-id=\"4c4fc215\" data-element_type=\"section\" data-e-type=\"section\">\n\t\t\t\t\t\t<div class=\"elementor-container elementor-column-gap-default\">\n\t\t\t\t\t<div class=\"elementor-column elementor-col-100 elementor-top-column elementor-element elementor-element-322e983b\" data-id=\"322e983b\" data-element_type=\"column\" data-e-type=\"column\">\n\t\t\t<div class=\"elementor-widget-wrap elementor-element-populated\">\n\t\t\t\t\t\t<div class=\"elementor-element elementor-element-3de69ac3 elementor-widget elementor-widget-spacer\" data-id=\"3de69ac3\" data-element_type=\"widget\" data-e-type=\"widget\" data-widget_type=\"spacer.default\">\n\t\t\t\t<div class=\"elementor-widget-container\">\n\t\t\t\t\t\t\t<div class=\"elementor-spacer\">\n\t\t\t<div class=\"elementor-spacer-inner\"><\/div>\n\t\t<\/div>\n\t\t\t\t\t\t<\/div>\n\t\t\t\t<\/div>\n\t\t\t\t<div class=\"elementor-element elementor-element-5b2d0b elementor-invisible elementor-widget elementor-widget-heading\" data-id=\"5b2d0b\" data-element_type=\"widget\" data-e-type=\"widget\" data-settings=\"{&quot;_animation&quot;:&quot;fadeInUp&quot;}\" data-widget_type=\"heading.default\">\n\t\t\t\t<div class=\"elementor-widget-container\">\n\t\t\t\t\t<h2 class=\"elementor-heading-title elementor-size-default\">TAMBI\u00e9N TE PUEDE INTERESAR :<\/h2>\t\t\t\t<\/div>\n\t\t\t\t<\/div>\n\t\t\t\t<div class=\"elementor-element elementor-element-72fbd141 elementor-widget elementor-widget-spacer\" data-id=\"72fbd141\" data-element_type=\"widget\" data-e-type=\"widget\" data-widget_type=\"spacer.default\">\n\t\t\t\t<div class=\"elementor-widget-container\">\n\t\t\t\t\t\t\t<div class=\"elementor-spacer\">\n\t\t\t<div class=\"elementor-spacer-inner\"><\/div>\n\t\t<\/div>\n\t\t\t\t\t\t<\/div>\n\t\t\t\t<\/div>\n\t\t\t\t\t<\/div>\n\t\t<\/div>\n\t\t\t\t\t<\/div>\n\t\t<\/section>\n\t\t\t\t<section class=\"elementor-section elementor-top-section elementor-element elementor-element-1ce4fdc4 elementor-section-boxed elementor-section-height-default elementor-section-height-default\" data-id=\"1ce4fdc4\" data-element_type=\"section\" data-e-type=\"section\">\n\t\t\t\t\t\t<div class=\"elementor-container elementor-column-gap-default\">\n\t\t\t\t\t<div class=\"elementor-column elementor-col-100 elementor-top-column elementor-element elementor-element-e312b9c\" data-id=\"e312b9c\" data-element_type=\"column\" data-e-type=\"column\">\n\t\t\t<div class=\"elementor-widget-wrap elementor-element-populated\">\n\t\t\t\t\t\t<div class=\"elementor-element elementor-element-65b2d7b2 elementor-widget__width-initial elementor-widget elementor-widget-image\" data-id=\"65b2d7b2\" data-element_type=\"widget\" data-e-type=\"widget\" data-widget_type=\"image.default\">\n\t\t\t\t<div class=\"elementor-widget-container\">\n\t\t\t\t\t\t\t\t\t\t\t\t\t\t\t\t<a href=\"http:\/\/rimagro.com.ar\/web\/surtidor-modelo-mf5100\/\">\n\t\t\t\t\t\t\t<img decoding=\"async\" width=\"1024\" height=\"1024\" src=\"http:\/\/rimagro.com.ar\/web\/wp-content\/uploads\/2023\/08\/editado-1024x1024.png\" class=\"attachment-large size-large wp-image-1132\" alt=\"\" srcset=\"http:\/\/rimagro.com.ar\/web\/wp-content\/uploads\/2023\/08\/editado-1024x1024.png 1024w, http:\/\/rimagro.com.ar\/web\/wp-content\/uploads\/2023\/08\/editado-300x300.png 300w, http:\/\/rimagro.com.ar\/web\/wp-content\/uploads\/2023\/08\/editado-150x150.png 150w, http:\/\/rimagro.com.ar\/web\/wp-content\/uploads\/2023\/08\/editado-768x768.png 768w, http:\/\/rimagro.com.ar\/web\/wp-content\/uploads\/2023\/08\/editado.png 1125w\" sizes=\"(max-width: 1024px) 100vw, 1024px\" \/>\t\t\t\t\t\t\t\t<\/a>\n\t\t\t\t\t\t\t\t\t\t\t\t\t\t\t<\/div>\n\t\t\t\t<\/div>\n\t\t\t\t<div class=\"elementor-element elementor-element-4c200415 elementor-widget__width-initial elementor-widget elementor-widget-image\" data-id=\"4c200415\" data-element_type=\"widget\" data-e-type=\"widget\" data-widget_type=\"image.default\">\n\t\t\t\t<div class=\"elementor-widget-container\">\n\t\t\t\t\t\t\t\t\t\t\t\t\t\t\t\t<a href=\"http:\/\/rimagro.com.ar\/web\/surtidor-mf4100\/\">\n\t\t\t\t\t\t\t<img decoding=\"async\" width=\"1024\" height=\"1024\" src=\"http:\/\/rimagro.com.ar\/web\/wp-content\/uploads\/2023\/08\/277584706_922814761745118_1296094497410829519_n-1024x1024.jpg\" class=\"attachment-large size-large wp-image-1035\" alt=\"\" srcset=\"http:\/\/rimagro.com.ar\/web\/wp-content\/uploads\/2023\/08\/277584706_922814761745118_1296094497410829519_n-1024x1024.jpg 1024w, http:\/\/rimagro.com.ar\/web\/wp-content\/uploads\/2023\/08\/277584706_922814761745118_1296094497410829519_n-300x300.jpg 300w, http:\/\/rimagro.com.ar\/web\/wp-content\/uploads\/2023\/08\/277584706_922814761745118_1296094497410829519_n-150x150.jpg 150w, http:\/\/rimagro.com.ar\/web\/wp-content\/uploads\/2023\/08\/277584706_922814761745118_1296094497410829519_n-768x768.jpg 768w, http:\/\/rimagro.com.ar\/web\/wp-content\/uploads\/2023\/08\/277584706_922814761745118_1296094497410829519_n.jpg 1080w\" sizes=\"(max-width: 1024px) 100vw, 1024px\" \/>\t\t\t\t\t\t\t\t<\/a>\n\t\t\t\t\t\t\t\t\t\t\t\t\t\t\t<\/div>\n\t\t\t\t<\/div>\n\t\t\t\t\t<\/div>\n\t\t<\/div>\n\t\t\t\t\t<\/div>\n\t\t<\/section>\n\t\t\t\t<\/div>\n\t\t","protected":false},"excerpt":{"rendered":"<p>CABEZAL ELECTRONICO MF3100 para control de flota \u00a0Ayuda a su organizaci\u00f3n a mejorar la seguridad y aumentar la eficiencia en el consumo de combustible.\u00a0 \u00a0Agr\u00e9gale tecnolog\u00eda a tu equipo y visualiza las descargas en tiempo real desde cualquier dispositivo con conexi\u00f3n a internet. \u00a0Contamos con servicio t\u00e9cnico directo de f\u00e1brica dentro y fuera del periodo [&hellip;]<\/p>\n","protected":false},"author":6,"featured_media":0,"parent":0,"menu_order":0,"comment_status":"closed","ping_status":"closed","template":"","meta":{"_joinchat":[],"footnotes":""},"class_list":["post-1179","page","type-page","status-publish","hentry"],"yoast_head":"<!-- This site is optimized with the Yoast SEO plugin v27.5 - https:\/\/yoast.com\/product\/yoast-seo-wordpress\/ -->\n<title>moderniza tu surtidor con el MF3100 -<\/title>\n<meta name=\"robots\" content=\"index, follow, max-snippet:-1, max-image-preview:large, max-video-preview:-1\" \/>\n<link rel=\"canonical\" href=\"http:\/\/rimagro.com.ar\/web\/moderniza-tu-surtidor-mf3100\/\" \/>\n<meta property=\"og:locale\" content=\"es_ES\" \/>\n<meta property=\"og:type\" content=\"article\" \/>\n<meta property=\"og:title\" content=\"moderniza tu surtidor con el MF3100 -\" \/>\n<meta property=\"og:description\" content=\"CABEZAL ELECTRONICO MF3100 para control de flota \u00a0Ayuda a su organizaci\u00f3n a mejorar la seguridad y aumentar la eficiencia en el consumo de combustible.\u00a0 \u00a0Agr\u00e9gale tecnolog\u00eda a tu equipo y visualiza las descargas en tiempo real desde cualquier dispositivo con conexi\u00f3n a internet. \u00a0Contamos con servicio t\u00e9cnico directo de f\u00e1brica dentro y fuera del periodo [&hellip;]\" \/>\n<meta property=\"og:url\" content=\"http:\/\/rimagro.com.ar\/web\/moderniza-tu-surtidor-mf3100\/\" \/>\n<meta property=\"article:modified_time\" content=\"2023-08-15T20:51:33+00:00\" \/>\n<meta property=\"og:image\" content=\"http:\/\/rimagro.com.ar\/web\/wp-content\/uploads\/2023\/08\/6618b9e1eb0c4d78b8098a15d2f8b1ba_317351167_2188392924697566_8327129927368317731_n-1024x1024.jpg\" \/>\n<meta name=\"twitter:card\" content=\"summary_large_image\" \/>\n<meta name=\"twitter:label1\" content=\"Tiempo de lectura\" \/>\n\t<meta name=\"twitter:data1\" content=\"1 minuto\" \/>\n<script type=\"application\/ld+json\" class=\"yoast-schema-graph\">{\"@context\":\"https:\\\/\\\/schema.org\",\"@graph\":[{\"@type\":\"WebPage\",\"@id\":\"http:\\\/\\\/rimagro.com.ar\\\/web\\\/moderniza-tu-surtidor-mf3100\\\/\",\"url\":\"http:\\\/\\\/rimagro.com.ar\\\/web\\\/moderniza-tu-surtidor-mf3100\\\/\",\"name\":\"moderniza tu surtidor con el MF3100 -\",\"isPartOf\":{\"@id\":\"http:\\\/\\\/rimagro.com.ar\\\/web\\\/#website\"},\"primaryImageOfPage\":{\"@id\":\"http:\\\/\\\/rimagro.com.ar\\\/web\\\/moderniza-tu-surtidor-mf3100\\\/#primaryimage\"},\"image\":{\"@id\":\"http:\\\/\\\/rimagro.com.ar\\\/web\\\/moderniza-tu-surtidor-mf3100\\\/#primaryimage\"},\"thumbnailUrl\":\"http:\\\/\\\/rimagro.com.ar\\\/web\\\/wp-content\\\/uploads\\\/2023\\\/08\\\/6618b9e1eb0c4d78b8098a15d2f8b1ba_317351167_2188392924697566_8327129927368317731_n-1024x1024.jpg\",\"datePublished\":\"2023-08-15T04:56:05+00:00\",\"dateModified\":\"2023-08-15T20:51:33+00:00\",\"breadcrumb\":{\"@id\":\"http:\\\/\\\/rimagro.com.ar\\\/web\\\/moderniza-tu-surtidor-mf3100\\\/#breadcrumb\"},\"inLanguage\":\"es\",\"potentialAction\":[{\"@type\":\"ReadAction\",\"target\":[\"http:\\\/\\\/rimagro.com.ar\\\/web\\\/moderniza-tu-surtidor-mf3100\\\/\"]}]},{\"@type\":\"ImageObject\",\"inLanguage\":\"es\",\"@id\":\"http:\\\/\\\/rimagro.com.ar\\\/web\\\/moderniza-tu-surtidor-mf3100\\\/#primaryimage\",\"url\":\"http:\\\/\\\/rimagro.com.ar\\\/web\\\/wp-content\\\/uploads\\\/2023\\\/08\\\/6618b9e1eb0c4d78b8098a15d2f8b1ba_317351167_2188392924697566_8327129927368317731_n.jpg\",\"contentUrl\":\"http:\\\/\\\/rimagro.com.ar\\\/web\\\/wp-content\\\/uploads\\\/2023\\\/08\\\/6618b9e1eb0c4d78b8098a15d2f8b1ba_317351167_2188392924697566_8327129927368317731_n.jpg\",\"width\":1080,\"height\":1080},{\"@type\":\"BreadcrumbList\",\"@id\":\"http:\\\/\\\/rimagro.com.ar\\\/web\\\/moderniza-tu-surtidor-mf3100\\\/#breadcrumb\",\"itemListElement\":[{\"@type\":\"ListItem\",\"position\":1,\"name\":\"Portada\",\"item\":\"http:\\\/\\\/rimagro.com.ar\\\/web\\\/\"},{\"@type\":\"ListItem\",\"position\":2,\"name\":\"moderniza tu surtidor con el MF3100\"}]},{\"@type\":\"WebSite\",\"@id\":\"http:\\\/\\\/rimagro.com.ar\\\/web\\\/#website\",\"url\":\"http:\\\/\\\/rimagro.com.ar\\\/web\\\/\",\"name\":\"\",\"description\":\"\",\"potentialAction\":[{\"@type\":\"SearchAction\",\"target\":{\"@type\":\"EntryPoint\",\"urlTemplate\":\"http:\\\/\\\/rimagro.com.ar\\\/web\\\/?s={search_term_string}\"},\"query-input\":{\"@type\":\"PropertyValueSpecification\",\"valueRequired\":true,\"valueName\":\"search_term_string\"}}],\"inLanguage\":\"es\"}]}<\/script>\n<!-- \/ Yoast SEO plugin. -->","yoast_head_json":{"title":"moderniza tu surtidor con el MF3100 -","robots":{"index":"index","follow":"follow","max-snippet":"max-snippet:-1","max-image-preview":"max-image-preview:large","max-video-preview":"max-video-preview:-1"},"canonical":"http:\/\/rimagro.com.ar\/web\/moderniza-tu-surtidor-mf3100\/","og_locale":"es_ES","og_type":"article","og_title":"moderniza tu surtidor con el MF3100 -","og_description":"CABEZAL ELECTRONICO MF3100 para control de flota \u00a0Ayuda a su organizaci\u00f3n a mejorar la seguridad y aumentar la eficiencia en el consumo de combustible.\u00a0 \u00a0Agr\u00e9gale tecnolog\u00eda a tu equipo y visualiza las descargas en tiempo real desde cualquier dispositivo con conexi\u00f3n a internet. \u00a0Contamos con servicio t\u00e9cnico directo de f\u00e1brica dentro y fuera del periodo [&hellip;]","og_url":"http:\/\/rimagro.com.ar\/web\/moderniza-tu-surtidor-mf3100\/","article_modified_time":"2023-08-15T20:51:33+00:00","og_image":[{"url":"http:\/\/rimagro.com.ar\/web\/wp-content\/uploads\/2023\/08\/6618b9e1eb0c4d78b8098a15d2f8b1ba_317351167_2188392924697566_8327129927368317731_n-1024x1024.jpg","type":"","width":"","height":""}],"twitter_card":"summary_large_image","twitter_misc":{"Tiempo de lectura":"1 minuto"},"schema":{"@context":"https:\/\/schema.org","@graph":[{"@type":"WebPage","@id":"http:\/\/rimagro.com.ar\/web\/moderniza-tu-surtidor-mf3100\/","url":"http:\/\/rimagro.com.ar\/web\/moderniza-tu-surtidor-mf3100\/","name":"moderniza tu surtidor con el MF3100 -","isPartOf":{"@id":"http:\/\/rimagro.com.ar\/web\/#website"},"primaryImageOfPage":{"@id":"http:\/\/rimagro.com.ar\/web\/moderniza-tu-surtidor-mf3100\/#primaryimage"},"image":{"@id":"http:\/\/rimagro.com.ar\/web\/moderniza-tu-surtidor-mf3100\/#primaryimage"},"thumbnailUrl":"http:\/\/rimagro.com.ar\/web\/wp-content\/uploads\/2023\/08\/6618b9e1eb0c4d78b8098a15d2f8b1ba_317351167_2188392924697566_8327129927368317731_n-1024x1024.jpg","datePublished":"2023-08-15T04:56:05+00:00","dateModified":"2023-08-15T20:51:33+00:00","breadcrumb":{"@id":"http:\/\/rimagro.com.ar\/web\/moderniza-tu-surtidor-mf3100\/#breadcrumb"},"inLanguage":"es","potentialAction":[{"@type":"ReadAction","target":["http:\/\/rimagro.com.ar\/web\/moderniza-tu-surtidor-mf3100\/"]}]},{"@type":"ImageObject","inLanguage":"es","@id":"http:\/\/rimagro.com.ar\/web\/moderniza-tu-surtidor-mf3100\/#primaryimage","url":"http:\/\/rimagro.com.ar\/web\/wp-content\/uploads\/2023\/08\/6618b9e1eb0c4d78b8098a15d2f8b1ba_317351167_2188392924697566_8327129927368317731_n.jpg","contentUrl":"http:\/\/rimagro.com.ar\/web\/wp-content\/uploads\/2023\/08\/6618b9e1eb0c4d78b8098a15d2f8b1ba_317351167_2188392924697566_8327129927368317731_n.jpg","width":1080,"height":1080},{"@type":"BreadcrumbList","@id":"http:\/\/rimagro.com.ar\/web\/moderniza-tu-surtidor-mf3100\/#breadcrumb","itemListElement":[{"@type":"ListItem","position":1,"name":"Portada","item":"http:\/\/rimagro.com.ar\/web\/"},{"@type":"ListItem","position":2,"name":"moderniza tu surtidor con el MF3100"}]},{"@type":"WebSite","@id":"http:\/\/rimagro.com.ar\/web\/#website","url":"http:\/\/rimagro.com.ar\/web\/","name":"","description":"","potentialAction":[{"@type":"SearchAction","target":{"@type":"EntryPoint","urlTemplate":"http:\/\/rimagro.com.ar\/web\/?s={search_term_string}"},"query-input":{"@type":"PropertyValueSpecification","valueRequired":true,"valueName":"search_term_string"}}],"inLanguage":"es"}]}},"_links":{"self":[{"href":"http:\/\/rimagro.com.ar\/web\/wp-json\/wp\/v2\/pages\/1179","targetHints":{"allow":["GET"]}}],"collection":[{"href":"http:\/\/rimagro.com.ar\/web\/wp-json\/wp\/v2\/pages"}],"about":[{"href":"http:\/\/rimagro.com.ar\/web\/wp-json\/wp\/v2\/types\/page"}],"author":[{"embeddable":true,"href":"http:\/\/rimagro.com.ar\/web\/wp-json\/wp\/v2\/users\/6"}],"replies":[{"embeddable":true,"href":"http:\/\/rimagro.com.ar\/web\/wp-json\/wp\/v2\/comments?post=1179"}],"version-history":[{"count":14,"href":"http:\/\/rimagro.com.ar\/web\/wp-json\/wp\/v2\/pages\/1179\/revisions"}],"predecessor-version":[{"id":1245,"href":"http:\/\/rimagro.com.ar\/web\/wp-json\/wp\/v2\/pages\/1179\/revisions\/1245"}],"wp:attachment":[{"href":"http:\/\/rimagro.com.ar\/web\/wp-json\/wp\/v2\/media?parent=1179"}],"curies":[{"name":"wp","href":"https:\/\/api.w.org\/{rel}","templated":true}]}}